{"id":79,"date":"2018-03-25T16:52:06","date_gmt":"2018-03-25T14:52:06","guid":{"rendered":"http:\/\/www.gite-ardeche-largentiere.com\/CMS\/?page_id=79"},"modified":"2018-05-21T21:32:13","modified_gmt":"2018-05-21T19:32:13","slug":"conditions-generales-de-ventes","status":"publish","type":"page","link":"https:\/\/www.gite-ardeche-largentiere.com\/CMS\/en\/conditions-generales-de-ventes\/","title":{"rendered":"Terms &#038; Conditions"},"content":{"rendered":"<p>&#8211; The bond: to be paid on the day of your arrival, a deposit of 230 \u20ac, made at the end of rental accommodation for all returned in good condition, clean, complete inventory on the agreed date.<\/p>\n<p>&#8211; Taking possession of lodgings: after 16 hours and returned before 10 noon.<\/p>\n<p>&#8211; Animals not allowed<\/p>\n<p>&#8211; Shared pool with 2 lodges and with us, including during his period of openness, access is reserved exclusively for tenants.<\/p>\n<p>&#8211; Heating-not included<\/p>\n<p>&#8211; Cloths are mandatory (health): Rental Rate: 10 euros per week A cleaning service is proposed at the end of the lease for 50 euros.<\/p>\n<p>&#8211; The city tax is due upon arrival: 0.61 euros per night per adult (over 10yrs).<\/p>\n<p>&#8212;&#8212;&#8212;&#8212;&#8212;&#8212;&#8212;&#8212;&#8212;&#8212;&#8212;<\/p>\n<p>&#8211; La r\u00e9servation d&#8217;une location implique l&#8217;adh\u00e9sion de nos conditions.<\/p>\n<p>&#8211; Toute r\u00e9servation doit \u00eatre accompagn\u00e9e d&#8217;un ch\u00e8que d&#8217;acompte.<\/p>\n<p>&#8211; LE PAIEMENT DU SOLDE DOIT ETRE EFFECTUE 30 JOURS AVANT LA DATE DU DEBUT DU SEJOUR (sauf hors saison).<\/p>\n<p>&#8211; Le client n&#8217;ayant pas vers\u00e9 le solde \u00e0 la date convenue est consid\u00e9r\u00e9 comme ayant annul\u00e9 son s\u00e9jour, (sauf disposition contraire \u00e0 des conditions particuli\u00e8res), sans qu&#8217;il ne puisse se pr\u00e9valoir de cette annulation.<\/p>\n<p>&#8211; Pour les r\u00e9servations intervenant moins d&#8217;un mois avant la date du d\u00e9but du s\u00e9jour, le r\u00e8glement int\u00e9gral est exig\u00e9 \u00e0 la r\u00e9servation.<\/p>\n<p>&#8211; PAR RETOUR DU COURRIER, NOUS VOUS ADRESSONS UN RECU CORRESPONDANT AU MONTANT DE L&#8217;ACOMPTE VERSE LORS DE LA RESERVATION, AINSI QUE LA CONFIRMATION DE CELLE-CI POUR LES DATES QUE VOUS NOUS AVEZ INDIQUEES.<\/p>\n<p>&#8211; Toute location est nominative et ne peut en aucun cas \u00eatre c\u00e9d\u00e9e ou sous-lou\u00e9e.<\/p>\n<p>&#8211; En l&#8217;absence d&#8217;un message t\u00e9l\u00e9graphique du locataire pr\u00e9cisant qu&#8217;il a d\u00fb diff\u00e9rer sa date d&#8217;arriv\u00e9e, la location devient disponible 24h apr\u00e8s la date d&#8217;arriv\u00e9e pr\u00e9vue par le contrat de location.(Les messages t\u00e9l\u00e9phon\u00e9s ne sont pas admis).<\/p>\n<p>&#8211; Conditions d&#8217;annulation : Il vous sera retenu ou vous resterez \u00e0 devoir les frais de location :<br \/>\n&#8221; Un montant \u00e9gal \u00e0 25% du co\u00fbt int\u00e9gral du s\u00e9jour si vous annulez plus de 30 jours avant la date pr\u00e9vue d&#8217;arriv\u00e9e.<br \/>\n&#8221; Un montant \u00e9gal au total du s\u00e9jour si vous annulez moins de 31 jours avant la date pr\u00e9vue d&#8217;arriv\u00e9e, ou si vous ne vous pr\u00e9sentez pas \u00e0 cette date.<\/p>\n<p>&#8211; Toutefois, l&#8217;acompte ou le solde du s\u00e9jour sera rendu quand la location aura pu \u00eatre relou\u00e9e pour la m\u00eame p\u00e9riode et pour un m\u00eame prix d\u00e9duction faite des frais de location.<\/p>\n<p>&#8211; Aucune r\u00e9duction ne sera consentie dans le cas d&#8217;arriv\u00e9e tardive ou de d\u00e9part anticip\u00e9e.<\/p>\n<p>&#8211; Cas particulier = Si le nombre des locataires d\u00e9passe la capacit\u00e9 d&#8217;accueil indiqu\u00e9e et sans accord pr\u00e9alable, le propri\u00e9taire se r\u00e9serve le droit de refuser les locataires suppl\u00e9mentaires ou de percevoir une majoration.<\/p>\n<p>&#8211; Aucune Arriv\u00e9e apr\u00e8s 21h30 et aucun d\u00e9part de 21 heures \u00e0 7 heures<\/p>\n<p>&#8211; Il est possible de recevoir vos amis. Pri\u00e8re de nous informer d&#8217;avance. Pour conserver le calme, les visites sont termin\u00e9es apr\u00e8s 22 heures. Vos amis ne pourront pas passer la nuit quelque soit la capacit\u00e9 d&#8217;accueil du g\u00eete (la piscine est interdite aux amis et visiteurs).<\/p>\n<p>&#8211; Lieu de juridiction : Nous vous offrons dans tous les cas de r\u00e9gler les litiges \u00e0 l&#8217;amiable, si ce n&#8217;\u00e9tait pas le cas, seul le tribunal d&#8217;AUBENAS (07) est comp\u00e9tent pour statuer.<\/p>\n<p>Document non contractuel<\/p>\n","protected":false},"excerpt":{"rendered":"<p>&#8211; The bond: to be paid on the day of your arrival, a deposit of 230 \u20ac, made at the end of rental accommodation for all returned in good condition, clean, complete inventory on the agreed date. &#8211; Taking possession of lodgings: after 16 hours and returned before 10 noon. &#8211; Animals not allowed &#8211;<\/p>\n<div><a class=\"btn-filled btn\" href=\"https:\/\/www.gite-ardeche-largentiere.com\/CMS\/en\/conditions-generales-de-ventes\/\" title=\"Terms &#038; Conditions\">Read More<\/a><\/div>\n","protected":false},"author":1,"featured_media":0,"parent":0,"menu_order":0,"comment_status":"closed","ping_status":"closed","template":"","meta":[],"translation":{"provider":"WPGlobus","version":"2.5.14","language":"en","enabled_languages":["fr","en"],"languages":{"fr":{"title":true,"content":true,"excerpt":false},"en":{"title":true,"content":true,"excerpt":false}}},"_links":{"self":[{"href":"https:\/\/www.gite-ardeche-largentiere.com\/CMS\/en\/wp-json\/wp\/v2\/pages\/79"}],"collection":[{"href":"https:\/\/www.gite-ardeche-largentiere.com\/CMS\/en\/wp-json\/wp\/v2\/pages"}],"about":[{"href":"https:\/\/www.gite-ardeche-largentiere.com\/CMS\/en\/wp-json\/wp\/v2\/types\/page"}],"author":[{"embeddable":true,"href":"https:\/\/www.gite-ardeche-largentiere.com\/CMS\/en\/wp-json\/wp\/v2\/users\/1"}],"replies":[{"embeddable":true,"href":"https:\/\/www.gite-ardeche-largentiere.com\/CMS\/en\/wp-json\/wp\/v2\/comments?post=79"}],"version-history":[{"count":5,"href":"https:\/\/www.gite-ardeche-largentiere.com\/CMS\/en\/wp-json\/wp\/v2\/pages\/79\/revisions"}],"predecessor-version":[{"id":360,"href":"https:\/\/www.gite-ardeche-largentiere.com\/CMS\/en\/wp-json\/wp\/v2\/pages\/79\/revisions\/360"}],"wp:attachment":[{"href":"https:\/\/www.gite-ardeche-largentiere.com\/CMS\/en\/wp-json\/wp\/v2\/media?parent=79"}],"curies":[{"name":"wp","href":"https:\/\/api.w.org\/{rel}","templated":true}]}}