{"id":48,"date":"2018-03-25T16:12:53","date_gmt":"2018-03-25T14:12:53","guid":{"rendered":"http:\/\/www.gite-ardeche-largentiere.com\/CMS\/?page_id=48"},"modified":"2020-10-18T16:05:41","modified_gmt":"2020-10-18T14:05:41","slug":"tarifs-2021","status":"publish","type":"page","link":"https:\/\/www.gite-ardeche-largentiere.com\/CMS\/tarifs-2021\/","title":{"rendered":"Tarifs 2021"},"content":{"rendered":"<p style=\"text-align: center;\"><em><strong>Les ch\u00e8ques vacances sont accept\u00e9s<\/strong><\/em><\/p>\n<table  class=\" table table-hover\" style=\"font-size: 14px;\" width=\"968\" cellspacing=\"20\" border=\"0\">\n<tbody>\n<tr>\n<td style=\"text-align: center;\">\n<h6><em>(Tarifs en euros)<\/em><\/h6>\n<\/td>\n<td style=\"text-align: center;\" width=\"120\"><strong>Le Ch\u00e2let<\/strong><\/td>\n<td style=\"text-align: center;\" width=\"120\"><strong>Appartement<\/strong><\/td>\n<td style=\"text-align: center;\" width=\"120\"><strong>Le Gite Capucine<\/strong><\/td>\n<\/tr>\n<tr>\n<td width=\"500\">02\/01\/2021 au 05\/02\/2021<\/td>\n<td style=\"text-align: center;\">450<\/td>\n<td style=\"text-align: center;\">280<\/td>\n<td style=\"text-align: center;\">300<\/td>\n<\/tr>\n<tr>\n<td>Vacances scolaires d&#8217;hiver (06\/02\/2021 au 05\/03\/2021)<\/td>\n<td style=\"text-align: center;\">380<\/td>\n<td style=\"text-align: center;\">300<\/td>\n<td style=\"text-align: center;\">350<\/td>\n<\/tr>\n<tr>\n<td>06\/03\/2021 au 09\/04\/2021<\/td>\n<td style=\"text-align: center;\">450<\/td>\n<td style=\"text-align: center;\">280<\/td>\n<td style=\"text-align: center;\">300<\/td>\n<\/tr>\n<tr>\n<td>Vacances scolaires de printemps (10\/04\/2021 au 07\/05\/2021)<\/td>\n<td style=\"text-align: center;\">400<\/td>\n<td style=\"text-align: center;\">300<\/td>\n<td style=\"text-align: center;\">380<\/td>\n<\/tr>\n<tr>\n<td>08\/05\/2021 au 28\/05\/2021<\/td>\n<td style=\"text-align: center;\">400<\/td>\n<td style=\"text-align: center;\">300<\/td>\n<td style=\"text-align: center;\">380<\/td>\n<\/tr>\n<tr>\n<td>29\/05\/2021 au 02\/07\/2021<\/td>\n<td style=\"text-align: center;\">400<\/td>\n<td style=\"text-align: center;\">350<\/td>\n<td style=\"text-align: center;\">380<\/td>\n<\/tr>\n<tr>\n<td>03\/07\/2021 au 16\/07\/2021<\/td>\n<td style=\"text-align: center;\">780<\/td>\n<td style=\"text-align: center;\">450<\/td>\n<td style=\"text-align: center;\">700<\/td>\n<\/tr>\n<tr>\n<td>17\/07\/2021 au 20\/08\/2021<\/td>\n<td style=\"text-align: center;\">780<\/td>\n<td style=\"text-align: center;\">450<\/td>\n<td style=\"text-align: center;\">700<\/td>\n<\/tr>\n<tr>\n<td>21\/08\/2021 au 27\/08\/2021<\/td>\n<td style=\"text-align: center;\">780<\/td>\n<td style=\"text-align: center;\">450<\/td>\n<td style=\"text-align: center;\">700<\/td>\n<\/tr>\n<tr>\n<td>28\/08\/2021 au 24\/09\/2021<\/td>\n<td style=\"text-align: center;\">400<\/td>\n<td style=\"text-align: center;\">350<\/td>\n<td style=\"text-align: center;\">380<\/td>\n<\/tr>\n<tr>\n<td>25\/09\/2021au 15\/10\/2021<\/td>\n<td style=\"text-align: center;\">450<\/td>\n<td style=\"text-align: center;\">280<\/td>\n<td style=\"text-align: center;\">300<\/td>\n<\/tr>\n<tr>\n<td>Vacances scolaires de Toussaint (16\/10\/2021 au 29\/10\/2021)<\/td>\n<td style=\"text-align: center;\">380<\/td>\n<td style=\"text-align: center;\">320<\/td>\n<td style=\"text-align: center;\">380<\/td>\n<\/tr>\n<tr>\n<td>30\/10\/2021 au 17\/12\/2021<\/td>\n<td style=\"text-align: center;\">320<\/td>\n<td style=\"text-align: center;\">280<\/td>\n<td style=\"text-align: center;\">300<\/td>\n<\/tr>\n<tr>\n<td>Vacances scolaires de No\u00ebl (18\/12\/2021 au 02\/01\/2022)<\/td>\n<td style=\"text-align: center;\">380<\/td>\n<td style=\"text-align: center;\">320<\/td>\n<td style=\"text-align: center;\">380<\/td>\n<\/tr>\n<\/tbody>\n<\/table>\n<p style=\"text-align: center;\">Taxe de s\u00e9jour par personne et par nuit : 0,77 EUR pour le chalet (3 \u00e9pis), 0,66 EUR pour le gite Capucine (2 \u00e9pis) et 0,66 EUR pour le gite du Mas Lalauze. Gratuit en dessous de 10 ans.<\/p>\n<p style=\"text-align: center;\"><strong>Les animaux ne sont pas accept\u00e9s.<\/strong><\/p>\n<h4 style=\"text-align: center;\">TELECHARGER LE CONTRAT DE LOCATION (<a href=\"http:\/\/www.gite-ardeche-largentiere.com\/CMS\/wp-content\/uploads\/2018\/05\/contrat_location.pdf\">PDF<\/a> &#8211; <a href=\"http:\/\/www.gite-ardeche-largentiere.com\/CMS\/wp-content\/uploads\/2018\/05\/contrat_location.doc\">WORD<\/a>)<\/h4>\n","protected":false},"excerpt":{"rendered":"<p>Les ch\u00e8ques vacances sont accept\u00e9s (Tarifs en euros) Le Ch\u00e2let Appartement Le Gite Capucine 02\/01\/2021 au 05\/02\/2021 450 280 300 Vacances scolaires d&#8217;hiver (06\/02\/2021 au 05\/03\/2021) 380 300 350 06\/03\/2021 au 09\/04\/2021 450 280 300 Vacances scolaires de printemps (10\/04\/2021 au 07\/05\/2021) 400 300 380 08\/05\/2021 au 28\/05\/2021 400 300 380 29\/05\/2021 au 02\/07\/2021 400<\/p>\n<div><a class=\"btn-filled btn\" href=\"https:\/\/www.gite-ardeche-largentiere.com\/CMS\/tarifs-2021\/\" title=\"Tarifs 2021\">Lire la suite<\/a><\/div>\n","protected":false},"author":1,"featured_media":0,"parent":0,"menu_order":0,"comment_status":"closed","ping_status":"closed","template":"","meta":[],"translation":{"provider":"WPGlobus","version":"2.5.14","language":"fr","enabled_languages":["fr","en"],"languages":{"fr":{"title":true,"content":true,"excerpt":false},"en":{"title":true,"content":true,"excerpt":false}}},"_links":{"self":[{"href":"https:\/\/www.gite-ardeche-largentiere.com\/CMS\/wp-json\/wp\/v2\/pages\/48"}],"collection":[{"href":"https:\/\/www.gite-ardeche-largentiere.com\/CMS\/wp-json\/wp\/v2\/pages"}],"about":[{"href":"https:\/\/www.gite-ardeche-largentiere.com\/CMS\/wp-json\/wp\/v2\/types\/page"}],"author":[{"embeddable":true,"href":"https:\/\/www.gite-ardeche-largentiere.com\/CMS\/wp-json\/wp\/v2\/users\/1"}],"replies":[{"embeddable":true,"href":"https:\/\/www.gite-ardeche-largentiere.com\/CMS\/wp-json\/wp\/v2\/comments?post=48"}],"version-history":[{"count":23,"href":"https:\/\/www.gite-ardeche-largentiere.com\/CMS\/wp-json\/wp\/v2\/pages\/48\/revisions"}],"predecessor-version":[{"id":520,"href":"https:\/\/www.gite-ardeche-largentiere.com\/CMS\/wp-json\/wp\/v2\/pages\/48\/revisions\/520"}],"wp:attachment":[{"href":"https:\/\/www.gite-ardeche-largentiere.com\/CMS\/wp-json\/wp\/v2\/media?parent=48"}],"curies":[{"name":"wp","href":"https:\/\/api.w.org\/{rel}","templated":true}]}}