{"id":481,"date":"2020-10-18T14:48:24","date_gmt":"2020-10-18T12:48:24","guid":{"rendered":"https:\/\/www.gite-ardeche-largentiere.com\/CMS\/?page_id=481"},"modified":"2020-10-18T15:41:43","modified_gmt":"2020-10-18T13:41:43","slug":"mas-lalauze","status":"publish","type":"page","link":"https:\/\/www.gite-ardeche-largentiere.com\/CMS\/mas-lalauze\/","title":{"rendered":"Gite du Mas Lalauze"},"content":{"rendered":"\n<!-- \/wp:html -->\n\n<!-- wp:heading {\"align\":\"center\",\"level\":4} -->\n<h4 class=\"has-text-align-center\">2\/3 personnes, 1 chambre, 50m\u00b2<\/h4>\n<!-- \/wp:heading -->\n\n<!-- wp:heading {\"align\":\"center\",\"level\":4} -->\n<h4 class=\"has-text-align-center\">Animaux non accept\u00e9s<\/h4>\n<!-- \/wp:heading -->\n\n<!-- wp:html -->\n<ul>\n<li>Bel appartement tr\u00e8s \u00e9clair\u00e9 \u00e0 l&#8217;\u00e9tage d&#8217;une maison \u00e0 la campagne avecbeau terrain tout autour<\/li>\n<li>Terrasse plein sud de 20m\u00b2<\/li>\n<li>Grande cuisine, salon avec canap\u00e9<br>Une chambre avec un grand lit et un petit lit<\/li>\n<li>Douche et toilettes s\u00e9par\u00e9es<br>Id\u00e9al pour un couple avec 2 enfants en bas \u00e2ge<\/li><\/ul>\n<!-- \/wp:html -->\n\n<!-- wp:paragraph {\"className\":\"Style2\"} -->\n<p class=\"Style2\"><div id=\"media_gallery-13\" class=\"widget widget_media_gallery amr_widget\"><div id='gallery-1' class='gallery galleryid-481 gallery-columns-3 gallery-size-thumbnail'><figure class='gallery-item'>\n\t\t\t<div class='gallery-icon landscape'>\n\t\t\t\t<a href='https:\/\/www.gite-ardeche-largentiere.com\/CMS\/wp-content\/uploads\/2020\/10\/IMG-20200517-WA0016.jpg'><img width=\"150\" height=\"150\" src=\"https:\/\/www.gite-ardeche-largentiere.com\/CMS\/wp-content\/uploads\/2020\/10\/IMG-20200517-WA0016-150x150.jpg\" class=\"attachment-thumbnail size-thumbnail\" alt=\"\" loading=\"lazy\" \/><\/a>\n\t\t\t<\/div><\/figure><figure class='gallery-item'>\n\t\t\t<div class='gallery-icon portrait'>\n\t\t\t\t<a href='https:\/\/www.gite-ardeche-largentiere.com\/CMS\/wp-content\/uploads\/2020\/10\/IMG202005181113251.jpg'><img width=\"150\" height=\"150\" src=\"https:\/\/www.gite-ardeche-largentiere.com\/CMS\/wp-content\/uploads\/2020\/10\/IMG202005181113251-150x150.jpg\" class=\"attachment-thumbnail size-thumbnail\" alt=\"\" loading=\"lazy\" \/><\/a>\n\t\t\t<\/div><\/figure><figure class='gallery-item'>\n\t\t\t<div class='gallery-icon portrait'>\n\t\t\t\t<a href='https:\/\/www.gite-ardeche-largentiere.com\/CMS\/wp-content\/uploads\/2020\/10\/IMG20200518111506.jpg'><img width=\"150\" height=\"150\" src=\"https:\/\/www.gite-ardeche-largentiere.com\/CMS\/wp-content\/uploads\/2020\/10\/IMG20200518111506-150x150.jpg\" class=\"attachment-thumbnail size-thumbnail\" alt=\"\" loading=\"lazy\" \/><\/a>\n\t\t\t<\/div><\/figure><figure class='gallery-item'>\n\t\t\t<div class='gallery-icon portrait'>\n\t\t\t\t<a href='https:\/\/www.gite-ardeche-largentiere.com\/CMS\/wp-content\/uploads\/2020\/10\/IMG20200518111624-scaled.jpg'><img width=\"150\" height=\"150\" src=\"https:\/\/www.gite-ardeche-largentiere.com\/CMS\/wp-content\/uploads\/2020\/10\/IMG20200518111624-150x150.jpg\" class=\"attachment-thumbnail size-thumbnail\" alt=\"\" loading=\"lazy\" \/><\/a>\n\t\t\t<\/div><\/figure><figure class='gallery-item'>\n\t\t\t<div class='gallery-icon portrait'>\n\t\t\t\t<a href='https:\/\/www.gite-ardeche-largentiere.com\/CMS\/wp-content\/uploads\/2020\/10\/IMG20200518111711-scaled.jpg'><img width=\"150\" height=\"150\" src=\"https:\/\/www.gite-ardeche-largentiere.com\/CMS\/wp-content\/uploads\/2020\/10\/IMG20200518111711-150x150.jpg\" class=\"attachment-thumbnail size-thumbnail\" alt=\"\" loading=\"lazy\" \/><\/a>\n\t\t\t<\/div><\/figure><figure class='gallery-item'>\n\t\t\t<div class='gallery-icon portrait'>\n\t\t\t\t<a href='https:\/\/www.gite-ardeche-largentiere.com\/CMS\/wp-content\/uploads\/2020\/10\/IMG20200518111920-scaled.jpg'><img width=\"150\" height=\"150\" src=\"https:\/\/www.gite-ardeche-largentiere.com\/CMS\/wp-content\/uploads\/2020\/10\/IMG20200518111920-150x150.jpg\" class=\"attachment-thumbnail size-thumbnail\" alt=\"\" loading=\"lazy\" \/><\/a>\n\t\t\t<\/div><\/figure>\n\t\t<\/div>\n<\/div> ","protected":false},"excerpt":{"rendered":"<p>2\/3 personnes, 1 chambre, 50m\u00b2 Animaux non accept\u00e9s Bel appartement tr\u00e8s \u00e9clair\u00e9 \u00e0 l&#8217;\u00e9tage d&#8217;une maison \u00e0 la campagne avecbeau terrain tout autour Terrasse plein sud de 20m\u00b2 Grande cuisine, salon avec canap\u00e9Une chambre avec un grand lit et un petit lit Douche et toilettes s\u00e9par\u00e9esId\u00e9al pour un couple avec 2 enfants en bas \u00e2ge<\/p>\n","protected":false},"author":1,"featured_media":0,"parent":0,"menu_order":0,"comment_status":"closed","ping_status":"closed","template":"","meta":[],"translation":{"provider":"WPGlobus","version":"2.5.14","language":"fr","enabled_languages":["fr","en"],"languages":{"fr":{"title":true,"content":true,"excerpt":false},"en":{"title":true,"content":true,"excerpt":false}}},"_links":{"self":[{"href":"https:\/\/www.gite-ardeche-largentiere.com\/CMS\/wp-json\/wp\/v2\/pages\/481"}],"collection":[{"href":"https:\/\/www.gite-ardeche-largentiere.com\/CMS\/wp-json\/wp\/v2\/pages"}],"about":[{"href":"https:\/\/www.gite-ardeche-largentiere.com\/CMS\/wp-json\/wp\/v2\/types\/page"}],"author":[{"embeddable":true,"href":"https:\/\/www.gite-ardeche-largentiere.com\/CMS\/wp-json\/wp\/v2\/users\/1"}],"replies":[{"embeddable":true,"href":"https:\/\/www.gite-ardeche-largentiere.com\/CMS\/wp-json\/wp\/v2\/comments?post=481"}],"version-history":[{"count":24,"href":"https:\/\/www.gite-ardeche-largentiere.com\/CMS\/wp-json\/wp\/v2\/pages\/481\/revisions"}],"predecessor-version":[{"id":517,"href":"https:\/\/www.gite-ardeche-largentiere.com\/CMS\/wp-json\/wp\/v2\/pages\/481\/revisions\/517"}],"wp:attachment":[{"href":"https:\/\/www.gite-ardeche-largentiere.com\/CMS\/wp-json\/wp\/v2\/media?parent=481"}],"curies":[{"name":"wp","href":"https:\/\/api.w.org\/{rel}","templated":true}]}}