{"id":73,"date":"2018-03-25T16:49:39","date_gmt":"2018-03-25T14:49:39","guid":{"rendered":"http:\/\/www.gite-ardeche-largentiere.com\/CMS\/?page_id=73"},"modified":"2018-05-21T22:12:52","modified_gmt":"2018-05-21T20:12:52","slug":"contact","status":"publish","type":"page","link":"https:\/\/www.gite-ardeche-largentiere.com\/CMS\/contact\/","title":{"rendered":"Contact"},"content":{"rendered":"<div role=\"form\" class=\"wpcf7\" id=\"wpcf7-f16-o1\" lang=\"fr-FR\" dir=\"ltr\">\n<div class=\"screen-reader-response\" role=\"alert\" aria-live=\"polite\"><\/div>\n<form action=\"\/CMS\/wp-json\/wp\/v2\/pages\/73#wpcf7-f16-o1\" method=\"post\" class=\"wpcf7-form init\" novalidate=\"novalidate\">\n<div style=\"display: none;\">\n<input type=\"hidden\" name=\"_wpcf7\" value=\"16\" \/>\n<input type=\"hidden\" name=\"_wpcf7_version\" value=\"5.2.2\" \/>\n<input type=\"hidden\" name=\"_wpcf7_locale\" value=\"fr_FR\" \/>\n<input type=\"hidden\" name=\"_wpcf7_unit_tag\" value=\"wpcf7-f16-o1\" \/>\n<input type=\"hidden\" name=\"_wpcf7_container_post\" value=\"0\" \/>\n<input type=\"hidden\" name=\"_wpcf7_posted_data_hash\" value=\"\" \/>\n<\/div>\n<p><label> Votre nom *<br \/>\n    <span class=\"wpcf7-form-control-wrap nom\"><input type=\"text\" name=\"nom\" value=\"\" size=\"40\" class=\"wpcf7-form-control wpcf7-text wpcf7-validates-as-required\" aria-required=\"true\" aria-invalid=\"false\" \/><\/span> <\/label><br \/>\n<label> Votre pr\u00e9nom *<br \/>\n    <span class=\"wpcf7-form-control-wrap prenom\"><input type=\"text\" name=\"prenom\" value=\"\" size=\"40\" class=\"wpcf7-form-control wpcf7-text wpcf7-validates-as-required\" aria-required=\"true\" aria-invalid=\"false\" \/><\/span> <\/label><br \/>\n<label> Votre email *<br \/>\n    <span class=\"wpcf7-form-control-wrap email\"><input type=\"email\" name=\"email\" value=\"\" size=\"40\" class=\"wpcf7-form-control wpcf7-text wpcf7-email wpcf7-validates-as-required wpcf7-validates-as-email\" aria-required=\"true\" aria-invalid=\"false\" \/><\/span> <\/label><br \/>\n<label> Votre t\u00e9l\u00e9phne *<br \/>\n    <span class=\"wpcf7-form-control-wrap telephone\"><input type=\"text\" name=\"telephone\" value=\"\" size=\"40\" class=\"wpcf7-form-control wpcf7-text wpcf7-validates-as-required\" aria-required=\"true\" aria-invalid=\"false\" \/><\/span> <\/label><br \/>\n<label> Adresse *<br \/>\n    <span class=\"wpcf7-form-control-wrap adresse\"><input type=\"text\" name=\"adresse\" value=\"\" size=\"40\" class=\"wpcf7-form-control wpcf7-text wpcf7-validates-as-required\" aria-required=\"true\" aria-invalid=\"false\" \/><\/span> <\/label><br \/>\n<label> Ville *<br \/>\n    <span class=\"wpcf7-form-control-wrap ville\"><input type=\"text\" name=\"ville\" value=\"\" size=\"40\" class=\"wpcf7-form-control wpcf7-text wpcf7-validates-as-required\" aria-required=\"true\" aria-invalid=\"false\" \/><\/span> <\/label><br \/>\n<label> Je suis int\u00e9ress\u00e9 par<br \/>\n<span class=\"wpcf7-form-control-wrap Jesuisintresspar\"><span class=\"wpcf7-form-control wpcf7-checkbox\"><span class=\"wpcf7-list-item first\"><input type=\"checkbox\" name=\"Jesuisintresspar[]\" value=\"&nbsp;&nbsp;Le Chal\u00eat\" \/><span class=\"wpcf7-list-item-label\">&nbsp;&nbsp;Le Chal\u00eat<\/span><\/span><span class=\"wpcf7-list-item\"><input type=\"checkbox\" name=\"Jesuisintresspar[]\" value=\"&nbsp;&nbsp;Le g\u00eete Capucine\" \/><span class=\"wpcf7-list-item-label\">&nbsp;&nbsp;Le g\u00eete Capucine<\/span><\/span><span class=\"wpcf7-list-item last\"><input type=\"checkbox\" name=\"Jesuisintresspar[]\" value=\"&nbsp;&nbsp; Gite du Mas Lalauze\" \/><span class=\"wpcf7-list-item-label\">&nbsp;&nbsp; Gite du Mas Lalauze<\/span><\/span><\/span><\/span><\/label><br \/>\n<label>Nombre de personnes :  &nbsp;  &nbsp; <span class=\"wpcf7-form-control-wrap Nombre_personne\"><input type=\"number\" name=\"Nombre_personne\" value=\"\" class=\"wpcf7-form-control wpcf7-number wpcf7-validates-as-number\" aria-invalid=\"false\" \/><\/span><\/label><br \/>\n<label> Arriv\u00e9e souhait\u00e9e:   &nbsp;  &nbsp; <span class=\"wpcf7-form-control-wrap date_arrivee\"><input type=\"date\" name=\"date_arrivee\" value=\"\" class=\"wpcf7-form-control wpcf7-date wpcf7-validates-as-date\" aria-invalid=\"false\" \/><\/span><\/label><br \/>\n<label> D\u00e9part souhait\u00e9:   &nbsp;  &nbsp; <span class=\"wpcf7-form-control-wrap date_depart\"><input type=\"date\" name=\"date_depart\" value=\"\" class=\"wpcf7-form-control wpcf7-date wpcf7-validates-as-date\" aria-invalid=\"false\" \/><\/span><\/label><br \/>\n<label>Notes<br \/>\n    <span class=\"wpcf7-form-control-wrap notes\"><textarea name=\"notes\" cols=\"40\" rows=\"10\" class=\"wpcf7-form-control wpcf7-textarea\" aria-invalid=\"false\"><\/textarea><\/span> <\/label><br \/>\n<span class=\"wpcf7-form-control-wrap acceptance-687\"><span class=\"wpcf7-form-control wpcf7-acceptance\"><span class=\"wpcf7-list-item\"><label><input type=\"checkbox\" name=\"acceptance-687\" value=\"1\" aria-invalid=\"false\" \/><span class=\"wpcf7-list-item-label\">J'accepte que les informations saisies dans ce formulaire soient utilis\u00e9es, exploit\u00e9es, trait\u00e9es dans le cadre de la demande de contact, d'information et de la relation commerciale qui d\u00e9coulerait de cette demande.<\/span><\/label><\/span><\/span><\/span><\/p>\n<p><input type=\"submit\" value=\"Envoyer\" class=\"wpcf7-form-control wpcf7-submit\" \/><\/p>\n<div class=\"wpcf7-response-output\" role=\"alert\" aria-hidden=\"true\"><\/div><\/form><\/div>\n","protected":false},"excerpt":{"rendered":"","protected":false},"author":1,"featured_media":0,"parent":0,"menu_order":0,"comment_status":"closed","ping_status":"closed","template":"","meta":[],"translation":{"provider":"WPGlobus","version":"2.5.14","language":"fr","enabled_languages":["fr","en"],"languages":{"fr":{"title":true,"content":true,"excerpt":false},"en":{"title":true,"content":true,"excerpt":false}}},"_links":{"self":[{"href":"https:\/\/www.gite-ardeche-largentiere.com\/CMS\/wp-json\/wp\/v2\/pages\/73"}],"collection":[{"href":"https:\/\/www.gite-ardeche-largentiere.com\/CMS\/wp-json\/wp\/v2\/pages"}],"about":[{"href":"https:\/\/www.gite-ardeche-largentiere.com\/CMS\/wp-json\/wp\/v2\/types\/page"}],"author":[{"embeddable":true,"href":"https:\/\/www.gite-ardeche-largentiere.com\/CMS\/wp-json\/wp\/v2\/users\/1"}],"replies":[{"embeddable":true,"href":"https:\/\/www.gite-ardeche-largentiere.com\/CMS\/wp-json\/wp\/v2\/comments?post=73"}],"version-history":[{"count":5,"href":"https:\/\/www.gite-ardeche-largentiere.com\/CMS\/wp-json\/wp\/v2\/pages\/73\/revisions"}],"predecessor-version":[{"id":376,"href":"https:\/\/www.gite-ardeche-largentiere.com\/CMS\/wp-json\/wp\/v2\/pages\/73\/revisions\/376"}],"wp:attachment":[{"href":"https:\/\/www.gite-ardeche-largentiere.com\/CMS\/wp-json\/wp\/v2\/media?parent=73"}],"curies":[{"name":"wp","href":"https:\/\/api.w.org\/{rel}","templated":true}]}}